{"id":91,"date":"2016-01-29T20:45:30","date_gmt":"2016-01-30T02:45:30","guid":{"rendered":"http:\/\/modulosolar.com\/mx\/?page_id=91"},"modified":"2020-07-06T14:33:04","modified_gmt":"2020-07-06T19:33:04","slug":"contacto","status":"publish","type":"page","link":"https:\/\/modulosolar.com\/mx\/contacto\/","title":{"rendered":"Contacto"},"content":{"rendered":"<!--themify_builder_content-->\n<div id=\"themify_builder_content-91\" data-postid=\"91\" class=\"themify_builder_content themify_builder_content-91 themify_builder tf_clear\">\n                    <div  data-lazy=\"1\" class=\"module_row themify_builder_row tb_mqwe030 tb_first tf_w\">\n                        <div class=\"row_inner col_align_top tb_col_count_1 tf_box tf_rel\">\n                        <div  data-lazy=\"1\" class=\"module_column tb-column col-full tb_zebm630 first\">\n                    <!-- module text -->\n<div  class=\"module module-text tb_33j7373  repeat \" data-lazy=\"1\">\n        <div  class=\"tb_text_wrap\">\n        <p style=\\\"text-align: center;\\\"><strong>OFICINAS CORPORATIVAS<\/strong><br \/>M\u00f3dulo Solar S.A. de C.V. Av. Atlacomulco 136, Acapantzingo, 62440 Cuernavaca, Mor. M\u00e9xico<br \/> 01800 999 55 00<br \/>+52(777) 318 0104, +52(777) 318 0105<br \/>+52(777) 312 8017<\/p>\n<p style=\\\"text-align: center;\\\"><strong>OFICINAS CIUDAD DE M\u00c9XICO<\/strong><br \/> +52(55) 72 61 21 45<\/p>    <\/div>\n<\/div>\n<!-- \/module text --><!-- module text -->\n<div  class=\"module module-text tb_krd7333  repeat \" data-lazy=\"1\">\n        <div  class=\"tb_text_wrap\">\n        <h4 style=\\\"text-align: center;\\\"><strong>Formulario de contacto<\/strong><\/h4>    <\/div>\n<\/div>\n<!-- \/module text --><!-- module text -->\n<div  class=\"module module-text tb_08ku007  repeat \" data-lazy=\"1\">\n        <div  class=\"tb_text_wrap\">\n            <\/div>\n<\/div>\n<!-- \/module text --><!-- module text -->\n<div  class=\"module module-text tb_a37a307  repeat \" data-lazy=\"1\">\n        <div  class=\"tb_text_wrap\">\n        <p>O escr\u00edbanos al correo:<\/p>    <\/div>\n<\/div>\n<!-- \/module text --><!-- module image -->\n<div  class=\"module module-image tb_3qsp470 image-top   tf_mw\" data-lazy=\"1\">\n        <div class=\"image-wrap tf_rel tf_mw\">\n            <img loading=\"lazy\" decoding=\"async\" src=\"http:\/\/modulosolar.com\/mx\/wp-content\/uploads\/2018\/01\/ventasmail.png\" width=\"349\" height=\"28\" title=\"Contacto\" alt=\"Contacto\">    \n        <\/div>\n    <!-- \/image-wrap -->\n    \n        <\/div>\n<!-- \/module image -->        <\/div>\n                        <\/div>\n        <\/div>\n                        <div  data-lazy=\"1\" class=\"module_row themify_builder_row tb_g1ud760 tf_w\">\n                        <div class=\"row_inner col_align_top tb_col_count_1 tf_box tf_rel\">\n                        <div  data-lazy=\"1\" class=\"module_column tb-column col-full tb_51sz377 first\">\n                    <!-- module template_part -->\n<div  class=\"module module-layout-part tb_l9dl008 \">\n    <div class=\"tb_layout_part_wrap tf_w\"><!--themify_builder_content-->\n    <div  class=\"themify_builder_content themify_builder_content-996 themify_builder not_editable_builder in_the_loop\" data-postid=\"996\">\n                        <div  data-lazy=\"1\" class=\"module_row themify_builder_row tb_93zh029 tf_w\">\n                        <div class=\"row_inner col_align_top tb_col_count_1 tf_box tf_rel\">\n                        <div  data-lazy=\"1\" class=\"module_column tb-column col-full tb_wfi9400 first\">\n                            <div  data-lazy=\"1\" class=\"module_subrow themify_builder_sub_row tf_w col_align_top tb_col_count_4 tb_0pcc102\">\n                <div  data-lazy=\"1\" class=\"module_column sub_column col4-1 tb_2dwt340 first\">\n                    <!-- module text -->\n<div  class=\"module module-text tb_7w4v014  repeat \" data-lazy=\"1\">\n        <div  class=\"tb_text_wrap\">\n        <h4>INFORMACI\u00d3N GENERAL<\/h4>\n<p><a href=\"https:\/\/modulosolar.com\/mx\/la-empresa\/\">LA EMPRESA<\/a><br><a href=\"https:\/\/modulosolar.com\/mx\/productos\/\">PRODUCTOS<\/a><br><a href=\"https:\/\/modulosolar.com\/mx\/certificaciones\/\">CERTIFICACIONES<\/a><br><a href=\"https:\/\/modulosolar.com\/mx\/galeria\/\">GALER\u00cdA DE OBRAS<\/a><br><a href=\"https:\/\/modulosolar.com\/mx\/documentacion\/\">FICHAS T\u00c9CNICAS<\/a><br><a href=\"https:\/\/modulosolar.com\/mx\/manuales-de-instalacion\/\">MANUALES DE INSTALACI\u00d3N<\/a><br><a href=\"https:\/\/modulosolar.com\/mx\/investigacion-desarrollo-innovacion\/\">INVESTIGACI\u00d3N Y COLABORACI\u00d3N<\/a><\/p>    <\/div>\n<\/div>\n<!-- \/module text -->        <\/div>\n                    <div  data-lazy=\"1\" class=\"module_column sub_column col4-1 tb_ht9f020\">\n                    <!-- module text -->\n<div  class=\"module module-text tb_wbp1200  repeat \" data-lazy=\"1\">\n        <div  class=\"tb_text_wrap\">\n        <h4>ENLACES<\/h4>\n<p><a href=\"https:\/\/modulosolar.com\/mx\/redes-sociales\">REDES SOCIALES<\/a><br><a href=\"https:\/\/modulosolar.com\/mx\/investigacion-desarrollo-innovacion\">CENTROS DE INVESTIGACI\u00d3N<\/a><br><a href=\"http:\/\/ms.ier.unam.mx:8080\/SISOL\/login.jsf\">SOFTWARE PARA DIMENSIONAMIENTO<\/a><br><a href=\"https:\/\/modulosolar.com\/mx\/bolsa\">BOLSA DE TRABAJO<\/a><br><a href=\"https:\/\/modulosolar.com\/mx\/cuestionarios\">CUESTIONARIOS PARA COTIZACI\u00d3N<\/a><\/p>    <\/div>\n<\/div>\n<!-- \/module text -->        <\/div>\n                    <div  data-lazy=\"1\" class=\"module_column sub_column col4-1 tb_8i43440\">\n                    <!-- module text -->\n<div  class=\"module module-text tb_yq1o250  repeat \" data-lazy=\"1\">\n        <div  class=\"tb_text_wrap\">\n        <h4>ENLACES<\/h4>\n<p><a href=\"https:\/\/modulosolar.com\/mx\/category\/noticias\/\">NOTICIAS<\/a><br><a href=\"https:\/\/modulosolar.com\/\">COMERCIO EXTERIOR<\/a><br><a href=\"https:\/\/modulosolar.com\/mx\/distribuidores\/\">DISTRIBUIDORES<\/a><br><a href=\"https:\/\/modulosolar.com\/mx\/category\/resp-sol\/\">RESPONSABILIDAD SOCIAL<\/a><\/p>    <\/div>\n<\/div>\n<!-- \/module text -->        <\/div>\n                    <div  data-lazy=\"1\" class=\"module_column sub_column col4-1 tb_nc2v220 last\">\n                    <!-- module text -->\n<div  class=\"module module-text tb_rdmk249  repeat \" data-lazy=\"1\">\n        <div  class=\"tb_text_wrap\">\n        <p><strong>OFICINAS CORPORATIVAS<br><\/strong>M\u00f3dulo Solar S.A. de C.V. Av. Atlacomulco 136, Acapantzingo, 62440 Cuernavaca, Mor. M\u00e9xico<br><img loading=\"lazy\" decoding=\"async\" class=\"wp-image-115\" title=\"Tel\u00e9fono\" src=\"https:\/\/modulosolar.com\/mx\/wp-content\/uploads\/2016\/02\/iconphone.png\" alt=\"tel\u00e9fono\" width=\"22\" height=\"22\">01800 999 55 00<br>+52(777) 318 0104,\u00a0+52(777) 318 0105<br>+52(777) 312 8017<br><strong>OFICINAS CIUDAD DE M\u00c9XICO<br><\/strong><img loading=\"lazy\" decoding=\"async\" src=\"https:\/\/modulosolar.com\/mx\/wp-content\/uploads\/2016\/02\/iconphone.png\" width=\"22\" height=\"22\">+52(55) 7845 8004<\/p>    <\/div>\n<\/div>\n<!-- \/module text -->        <\/div>\n                    <\/div>\n                <\/div>\n                        <\/div>\n        <\/div>\n            <\/div>\n<!--\/themify_builder_content--><\/div>\n<\/div>\n<!-- \/module template_part -->        <\/div>\n                        <\/div>\n        <\/div>\n        <\/div>\n<!--\/themify_builder_content-->","protected":false},"excerpt":{"rendered":"<p>OFICINAS CORPORATIVASM\u00f3dulo Solar S.A. de C.V. Av. Atlacomulco 136, Acapantzingo, 62440 Cuernavaca, Mor. M\u00e9xico 01800 999 55 00+52(777) 318 0104, +52(777) 318 0105+52(777) 312 8017 OFICINAS CIUDAD DE M\u00c9XICO +52(55) 72 61 21 45 Formulario de contacto O escr\u00edbanos al correo: INFORMACI\u00d3N GENERAL LA EMPRESAPRODUCTOSCERTIFICACIONESGALER\u00cdA DE OBRASFICHAS T\u00c9CNICASMANUALES DE INSTALACI\u00d3NINVESTIGACI\u00d3N Y COLABORACI\u00d3N ENLACES REDES SOCIALESCENTROS [&hellip;]<\/p>\n","protected":false},"author":1,"featured_media":0,"parent":0,"menu_order":0,"comment_status":"closed","ping_status":"closed","template":"","meta":{"_joinchat":[],"footnotes":""},"class_list":["post-91","page","type-page","status-publish","hentry","has-post-title","has-post-date","has-post-category","has-post-tag","has-post-comment","has-post-author",""],"yoast_head":"<!-- This site is optimized with the Yoast SEO plugin v26.8 - https:\/\/yoast.com\/product\/yoast-seo-wordpress\/ -->\n<title>Contacto - modulosolar<\/title>\n<meta name=\"description\" content=\"Ponte en contacto con M\u00f3dulo Solar SA de CV para cualquier duda que tengas con respecto a la energ\u00eda solar y nuestras tecnolog\u00edas, nos comunicamos pronto!\" \/>\n<meta name=\"robots\" content=\"index, follow, max-snippet:-1, max-image-preview:large, max-video-preview:-1\" \/>\n<link rel=\"canonical\" href=\"https:\/\/modulosolar.com\/mx\/contacto\/\" \/>\n<meta property=\"og:locale\" content=\"es_ES\" \/>\n<meta property=\"og:type\" content=\"article\" \/>\n<meta property=\"og:title\" content=\"Contacto - modulosolar\" \/>\n<meta property=\"og:description\" content=\"Ponte en contacto con M\u00f3dulo Solar SA de CV para cualquier duda que tengas con respecto a la energ\u00eda solar y nuestras tecnolog\u00edas, nos comunicamos pronto!\" \/>\n<meta property=\"og:url\" content=\"https:\/\/modulosolar.com\/mx\/contacto\/\" \/>\n<meta property=\"og:site_name\" content=\"modulosolar\" \/>\n<meta property=\"article:publisher\" content=\"https:\/\/www.facebook.com\/modulosolaroficial\" \/>\n<meta property=\"article:modified_time\" content=\"2020-07-06T19:33:04+00:00\" \/>\n<meta property=\"og:image\" content=\"http:\/\/modulosolar.com\/mx\/wp-content\/uploads\/2018\/01\/ventasmail.png\" \/>\n<meta name=\"twitter:card\" content=\"summary_large_image\" \/>\n<meta name=\"twitter:site\" content=\"@Modulo_solar\" \/>\n<script type=\"application\/ld+json\" class=\"yoast-schema-graph\">{\"@context\":\"https:\/\/schema.org\",\"@graph\":[{\"@type\":\"WebPage\",\"@id\":\"https:\/\/modulosolar.com\/mx\/contacto\/\",\"url\":\"https:\/\/modulosolar.com\/mx\/contacto\/\",\"name\":\"Contacto - modulosolar\",\"isPartOf\":{\"@id\":\"https:\/\/modulosolar.com\/mx\/#website\"},\"primaryImageOfPage\":{\"@id\":\"https:\/\/modulosolar.com\/mx\/contacto\/#primaryimage\"},\"image\":{\"@id\":\"https:\/\/modulosolar.com\/mx\/contacto\/#primaryimage\"},\"thumbnailUrl\":\"http:\/\/modulosolar.com\/mx\/wp-content\/uploads\/2018\/01\/ventasmail.png\",\"datePublished\":\"2016-01-30T02:45:30+00:00\",\"dateModified\":\"2020-07-06T19:33:04+00:00\",\"description\":\"Ponte en contacto con M\u00f3dulo Solar SA de CV para cualquier duda que tengas con respecto a la energ\u00eda solar y nuestras tecnolog\u00edas, nos comunicamos pronto!\",\"breadcrumb\":{\"@id\":\"https:\/\/modulosolar.com\/mx\/contacto\/#breadcrumb\"},\"inLanguage\":\"es\",\"potentialAction\":[{\"@type\":\"ReadAction\",\"target\":[\"https:\/\/modulosolar.com\/mx\/contacto\/\"]}]},{\"@type\":\"ImageObject\",\"inLanguage\":\"es\",\"@id\":\"https:\/\/modulosolar.com\/mx\/contacto\/#primaryimage\",\"url\":\"https:\/\/modulosolar.com\/mx\/wp-content\/uploads\/2018\/01\/ventasmail.png\",\"contentUrl\":\"https:\/\/modulosolar.com\/mx\/wp-content\/uploads\/2018\/01\/ventasmail.png\",\"width\":349,\"height\":28},{\"@type\":\"BreadcrumbList\",\"@id\":\"https:\/\/modulosolar.com\/mx\/contacto\/#breadcrumb\",\"itemListElement\":[{\"@type\":\"ListItem\",\"position\":1,\"name\":\"Portada\",\"item\":\"https:\/\/modulosolar.com\/mx\/\"},{\"@type\":\"ListItem\",\"position\":2,\"name\":\"Contacto\"}]},{\"@type\":\"WebSite\",\"@id\":\"https:\/\/modulosolar.com\/mx\/#website\",\"url\":\"https:\/\/modulosolar.com\/mx\/\",\"name\":\"M\u00f3dulo Solar\",\"description\":\"SISTEMAS Y EQUIPOS SOLARES PARA CALENTAMIENTO DE AGUA\",\"publisher\":{\"@id\":\"https:\/\/modulosolar.com\/mx\/#organization\"},\"potentialAction\":[{\"@type\":\"SearchAction\",\"target\":{\"@type\":\"EntryPoint\",\"urlTemplate\":\"https:\/\/modulosolar.com\/mx\/?s={search_term_string}\"},\"query-input\":{\"@type\":\"PropertyValueSpecification\",\"valueRequired\":true,\"valueName\":\"search_term_string\"}}],\"inLanguage\":\"es\"},{\"@type\":\"Organization\",\"@id\":\"https:\/\/modulosolar.com\/mx\/#organization\",\"name\":\"M\u00f3dulo Solar\",\"url\":\"https:\/\/modulosolar.com\/mx\/\",\"logo\":{\"@type\":\"ImageObject\",\"inLanguage\":\"es\",\"@id\":\"https:\/\/modulosolar.com\/mx\/#\/schema\/logo\/image\/\",\"url\":\"https:\/\/modulosolar.com\/mx\/wp-content\/uploads\/2025\/03\/Logo-MS-transparente-1024.png\",\"contentUrl\":\"https:\/\/modulosolar.com\/mx\/wp-content\/uploads\/2025\/03\/Logo-MS-transparente-1024.png\",\"width\":1024,\"height\":1024,\"caption\":\"M\u00f3dulo Solar\"},\"image\":{\"@id\":\"https:\/\/modulosolar.com\/mx\/#\/schema\/logo\/image\/\"},\"sameAs\":[\"https:\/\/www.facebook.com\/modulosolaroficial\",\"https:\/\/x.com\/Modulo_solar\",\"https:\/\/www.youtube.com\/@modulosolar5120\"]}]}<\/script>\n<!-- \/ Yoast SEO plugin. -->","yoast_head_json":{"title":"Contacto - modulosolar","description":"Ponte en contacto con M\u00f3dulo Solar SA de CV para cualquier duda que tengas con respecto a la energ\u00eda solar y nuestras tecnolog\u00edas, nos comunicamos pronto!","robots":{"index":"index","follow":"follow","max-snippet":"max-snippet:-1","max-image-preview":"max-image-preview:large","max-video-preview":"max-video-preview:-1"},"canonical":"https:\/\/modulosolar.com\/mx\/contacto\/","og_locale":"es_ES","og_type":"article","og_title":"Contacto - modulosolar","og_description":"Ponte en contacto con M\u00f3dulo Solar SA de CV para cualquier duda que tengas con respecto a la energ\u00eda solar y nuestras tecnolog\u00edas, nos comunicamos pronto!","og_url":"https:\/\/modulosolar.com\/mx\/contacto\/","og_site_name":"modulosolar","article_publisher":"https:\/\/www.facebook.com\/modulosolaroficial","article_modified_time":"2020-07-06T19:33:04+00:00","og_image":[{"url":"http:\/\/modulosolar.com\/mx\/wp-content\/uploads\/2018\/01\/ventasmail.png","type":"","width":"","height":""}],"twitter_card":"summary_large_image","twitter_site":"@Modulo_solar","schema":{"@context":"https:\/\/schema.org","@graph":[{"@type":"WebPage","@id":"https:\/\/modulosolar.com\/mx\/contacto\/","url":"https:\/\/modulosolar.com\/mx\/contacto\/","name":"Contacto - modulosolar","isPartOf":{"@id":"https:\/\/modulosolar.com\/mx\/#website"},"primaryImageOfPage":{"@id":"https:\/\/modulosolar.com\/mx\/contacto\/#primaryimage"},"image":{"@id":"https:\/\/modulosolar.com\/mx\/contacto\/#primaryimage"},"thumbnailUrl":"http:\/\/modulosolar.com\/mx\/wp-content\/uploads\/2018\/01\/ventasmail.png","datePublished":"2016-01-30T02:45:30+00:00","dateModified":"2020-07-06T19:33:04+00:00","description":"Ponte en contacto con M\u00f3dulo Solar SA de CV para cualquier duda que tengas con respecto a la energ\u00eda solar y nuestras tecnolog\u00edas, nos comunicamos pronto!","breadcrumb":{"@id":"https:\/\/modulosolar.com\/mx\/contacto\/#breadcrumb"},"inLanguage":"es","potentialAction":[{"@type":"ReadAction","target":["https:\/\/modulosolar.com\/mx\/contacto\/"]}]},{"@type":"ImageObject","inLanguage":"es","@id":"https:\/\/modulosolar.com\/mx\/contacto\/#primaryimage","url":"https:\/\/modulosolar.com\/mx\/wp-content\/uploads\/2018\/01\/ventasmail.png","contentUrl":"https:\/\/modulosolar.com\/mx\/wp-content\/uploads\/2018\/01\/ventasmail.png","width":349,"height":28},{"@type":"BreadcrumbList","@id":"https:\/\/modulosolar.com\/mx\/contacto\/#breadcrumb","itemListElement":[{"@type":"ListItem","position":1,"name":"Portada","item":"https:\/\/modulosolar.com\/mx\/"},{"@type":"ListItem","position":2,"name":"Contacto"}]},{"@type":"WebSite","@id":"https:\/\/modulosolar.com\/mx\/#website","url":"https:\/\/modulosolar.com\/mx\/","name":"M\u00f3dulo Solar","description":"SISTEMAS Y EQUIPOS SOLARES PARA CALENTAMIENTO DE AGUA","publisher":{"@id":"https:\/\/modulosolar.com\/mx\/#organization"},"potentialAction":[{"@type":"SearchAction","target":{"@type":"EntryPoint","urlTemplate":"https:\/\/modulosolar.com\/mx\/?s={search_term_string}"},"query-input":{"@type":"PropertyValueSpecification","valueRequired":true,"valueName":"search_term_string"}}],"inLanguage":"es"},{"@type":"Organization","@id":"https:\/\/modulosolar.com\/mx\/#organization","name":"M\u00f3dulo Solar","url":"https:\/\/modulosolar.com\/mx\/","logo":{"@type":"ImageObject","inLanguage":"es","@id":"https:\/\/modulosolar.com\/mx\/#\/schema\/logo\/image\/","url":"https:\/\/modulosolar.com\/mx\/wp-content\/uploads\/2025\/03\/Logo-MS-transparente-1024.png","contentUrl":"https:\/\/modulosolar.com\/mx\/wp-content\/uploads\/2025\/03\/Logo-MS-transparente-1024.png","width":1024,"height":1024,"caption":"M\u00f3dulo Solar"},"image":{"@id":"https:\/\/modulosolar.com\/mx\/#\/schema\/logo\/image\/"},"sameAs":["https:\/\/www.facebook.com\/modulosolaroficial","https:\/\/x.com\/Modulo_solar","https:\/\/www.youtube.com\/@modulosolar5120"]}]}},"jetpack_shortlink":"https:\/\/wp.me\/P8oNgt-1t","jetpack_sharing_enabled":true,"builder_content":"<p style=\\\"text-align: center;\\\"><strong>OFICINAS CORPORATIVAS<\/strong><br \/>M\u00f3dulo Solar S.A. de C.V. Av. Atlacomulco 136, Acapantzingo, 62440 Cuernavaca, Mor. M\u00e9xico<br \/> 01800 999 55 00<br \/>+52(777) 318 0104, +52(777) 318 0105<br \/>+52(777) 312 8017<\/p> <p style=\\\"text-align: center;\\\"><strong>OFICINAS CIUDAD DE M\u00c9XICO<\/strong><br \/> +52(55) 72 61 21 45<\/p>\n<h4 style=\\\"text-align: center;\\\"><strong>Formulario de contacto<\/strong><\/h4>\n<p>[wpforms id=\\\"4409\\\" title=\\\"false\\\" description=\\\"false\\\"]<\/p>\n<p>O escr\u00edbanos al correo:<\/p>\n<img src=\"http:\/\/modulosolar.com\/mx\/wp-content\/uploads\/2018\/01\/ventasmail.png\" width=\"349\" height=\"28\" title=\"Contacto\" alt=\"Contacto\">","_links":{"self":[{"href":"https:\/\/modulosolar.com\/mx\/wp-json\/wp\/v2\/pages\/91","targetHints":{"allow":["GET"]}}],"collection":[{"href":"https:\/\/modulosolar.com\/mx\/wp-json\/wp\/v2\/pages"}],"about":[{"href":"https:\/\/modulosolar.com\/mx\/wp-json\/wp\/v2\/types\/page"}],"author":[{"embeddable":true,"href":"https:\/\/modulosolar.com\/mx\/wp-json\/wp\/v2\/users\/1"}],"replies":[{"embeddable":true,"href":"https:\/\/modulosolar.com\/mx\/wp-json\/wp\/v2\/comments?post=91"}],"version-history":[{"count":44,"href":"https:\/\/modulosolar.com\/mx\/wp-json\/wp\/v2\/pages\/91\/revisions"}],"predecessor-version":[{"id":4421,"href":"https:\/\/modulosolar.com\/mx\/wp-json\/wp\/v2\/pages\/91\/revisions\/4421"}],"wp:attachment":[{"href":"https:\/\/modulosolar.com\/mx\/wp-json\/wp\/v2\/media?parent=91"}],"curies":[{"name":"wp","href":"https:\/\/api.w.org\/{rel}","templated":true}]}}